{"id":2020,"date":"2024-08-22T11:47:19","date_gmt":"2024-08-22T09:47:19","guid":{"rendered":"https:\/\/fundacjafree.org.pl\/nowa\/?page_id=2020"},"modified":"2024-10-07T19:28:15","modified_gmt":"2024-10-07T17:28:15","slug":"cennik","status":"publish","type":"page","link":"https:\/\/fundacjafree.org.pl\/nowa\/cennik\/","title":{"rendered":"Cennik zaj\u0119\u0107 popo\u0142udniowych"},"content":{"rendered":"\n<div class=\"wp-block-columns is-layout-flex wp-container-core-columns-is-layout-1 wp-block-columns-is-layout-flex\">\n<div class=\"wp-block-column is-layout-flow wp-block-column-is-layout-flow\">\n<figure class=\"wp-block-image size-full\"><img fetchpriority=\"high\" decoding=\"async\" width=\"940\" height=\"788\" src=\"https:\/\/fundacjafree.org.pl\/nowa\/wp-content\/uploads\/2024\/10\/cennik-dzieci-cz.1.png\" alt=\"\" class=\"wp-image-2077\" srcset=\"https:\/\/fundacjafree.org.pl\/nowa\/wp-content\/uploads\/2024\/10\/cennik-dzieci-cz.1.png 940w, https:\/\/fundacjafree.org.pl\/nowa\/wp-content\/uploads\/2024\/10\/cennik-dzieci-cz.1-300x251.png 300w, https:\/\/fundacjafree.org.pl\/nowa\/wp-content\/uploads\/2024\/10\/cennik-dzieci-cz.1-768x644.png 768w\" sizes=\"(max-width: 940px) 100vw, 940px\" \/><\/figure>\n<\/div>\n\n\n\n<div class=\"wp-block-column is-layout-flow wp-block-column-is-layout-flow\">\n<figure class=\"wp-block-image size-full\"><img decoding=\"async\" width=\"940\" height=\"788\" src=\"https:\/\/fundacjafree.org.pl\/nowa\/wp-content\/uploads\/2024\/10\/cennik-dzieci-cz.2-1.png\" alt=\"\" class=\"wp-image-2080\" srcset=\"https:\/\/fundacjafree.org.pl\/nowa\/wp-content\/uploads\/2024\/10\/cennik-dzieci-cz.2-1.png 940w, https:\/\/fundacjafree.org.pl\/nowa\/wp-content\/uploads\/2024\/10\/cennik-dzieci-cz.2-1-300x251.png 300w, https:\/\/fundacjafree.org.pl\/nowa\/wp-content\/uploads\/2024\/10\/cennik-dzieci-cz.2-1-768x644.png 768w\" sizes=\"(max-width: 940px) 100vw, 940px\" \/><\/figure>\n<\/div>\n<\/div>\n\n\n\n<div class=\"wp-block-columns is-layout-flex wp-container-core-columns-is-layout-2 wp-block-columns-is-layout-flex\">\n<div class=\"wp-block-column is-layout-flow wp-block-column-is-layout-flow\">\n<figure class=\"wp-block-image size-full\"><img decoding=\"async\" width=\"940\" height=\"788\" src=\"https:\/\/fundacjafree.org.pl\/nowa\/wp-content\/uploads\/2024\/08\/cennik-dorosli.png\" alt=\"\" class=\"wp-image-2022\" srcset=\"https:\/\/fundacjafree.org.pl\/nowa\/wp-content\/uploads\/2024\/08\/cennik-dorosli.png 940w, https:\/\/fundacjafree.org.pl\/nowa\/wp-content\/uploads\/2024\/08\/cennik-dorosli-300x251.png 300w, https:\/\/fundacjafree.org.pl\/nowa\/wp-content\/uploads\/2024\/08\/cennik-dorosli-768x644.png 768w\" sizes=\"(max-width: 940px) 100vw, 940px\" \/><\/figure>\n<\/div>\n\n\n\n<div class=\"wp-block-column is-layout-flow wp-block-column-is-layout-flow\"><\/div>\n<\/div>\n\n\n\n<p class=\"has-text-align-center\">Cennik wa\u017cny od 7 pa\u017adziernika 2024 roku.<\/p>\n\n\n\n<p class=\"has-text-align-center\">Uwaga! Fundacja FREE zastrzega sobie prawo do zmiany cennika w dowolnym momencie.<\/p>\n\n\n\n<div class=\"wp-block-columns is-layout-flex wp-container-core-columns-is-layout-3 wp-block-columns-is-layout-flex\">\n<div class=\"wp-block-column is-layout-flow wp-block-column-is-layout-flow\"><div class=\"wp-block-image\">\n<figure class=\"aligncenter size-medium\"><a href=\"https:\/\/forms.gle\/phrhhz8muncWtwyk9\" target=\"_blank\" rel=\"noreferrer noopener\"><img loading=\"lazy\" decoding=\"async\" width=\"300\" height=\"97\" src=\"https:\/\/fundacjafree.org.pl\/nowa\/wp-content\/uploads\/2024\/08\/ZGLOSZENIA-1-300x97.png\" alt=\"\" class=\"wp-image-1975\" srcset=\"https:\/\/fundacjafree.org.pl\/nowa\/wp-content\/uploads\/2024\/08\/ZGLOSZENIA-1-300x97.png 300w, https:\/\/fundacjafree.org.pl\/nowa\/wp-content\/uploads\/2024\/08\/ZGLOSZENIA-1-1024x331.png 1024w, https:\/\/fundacjafree.org.pl\/nowa\/wp-content\/uploads\/2024\/08\/ZGLOSZENIA-1-768x248.png 768w, https:\/\/fundacjafree.org.pl\/nowa\/wp-content\/uploads\/2024\/08\/ZGLOSZENIA-1-1536x497.png 1536w, https:\/\/fundacjafree.org.pl\/nowa\/wp-content\/uploads\/2024\/08\/ZGLOSZENIA-1.png 2000w\" sizes=\"(max-width: 300px) 100vw, 300px\" \/><\/a><\/figure><\/div><\/div>\n<\/div>\n","protected":false},"excerpt":{"rendered":"<p>Cennik wa\u017cny od 7 pa\u017adziernika 2024 roku. Uwaga! Fundacja FREE zastrzega sobie prawo do zmiany cennika w dowolnym momencie.<\/p>\n","protected":false},"author":5,"featured_media":0,"parent":0,"menu_order":0,"comment_status":"closed","ping_status":"closed","template":"","meta":{"_acf_changed":false,"give_campaign_id":0,"_monsterinsights_skip_tracking":false,"_monsterinsights_sitenote_active":false,"_monsterinsights_sitenote_note":"","_monsterinsights_sitenote_category":0,"footnotes":""},"categories":[],"tags":[],"class_list":["post-2020","page","type-page","status-publish","czr-hentry"],"acf":[],"aioseo_notices":[],"campaignId":"","_links":{"self":[{"href":"https:\/\/fundacjafree.org.pl\/nowa\/wp-json\/wp\/v2\/pages\/2020","targetHints":{"allow":["GET"]}}],"collection":[{"href":"https:\/\/fundacjafree.org.pl\/nowa\/wp-json\/wp\/v2\/pages"}],"about":[{"href":"https:\/\/fundacjafree.org.pl\/nowa\/wp-json\/wp\/v2\/types\/page"}],"author":[{"embeddable":true,"href":"https:\/\/fundacjafree.org.pl\/nowa\/wp-json\/wp\/v2\/users\/5"}],"replies":[{"embeddable":true,"href":"https:\/\/fundacjafree.org.pl\/nowa\/wp-json\/wp\/v2\/comments?post=2020"}],"version-history":[{"count":5,"href":"https:\/\/fundacjafree.org.pl\/nowa\/wp-json\/wp\/v2\/pages\/2020\/revisions"}],"predecessor-version":[{"id":2081,"href":"https:\/\/fundacjafree.org.pl\/nowa\/wp-json\/wp\/v2\/pages\/2020\/revisions\/2081"}],"wp:attachment":[{"href":"https:\/\/fundacjafree.org.pl\/nowa\/wp-json\/wp\/v2\/media?parent=2020"}],"wp:term":[{"taxonomy":"category","embeddable":true,"href":"https:\/\/fundacjafree.org.pl\/nowa\/wp-json\/wp\/v2\/categories?post=2020"},{"taxonomy":"post_tag","embeddable":true,"href":"https:\/\/fundacjafree.org.pl\/nowa\/wp-json\/wp\/v2\/tags?post=2020"}],"curies":[{"name":"wp","href":"https:\/\/api.w.org\/{rel}","templated":true}]}}