{"id":2446,"date":"2025-09-08T19:33:17","date_gmt":"2025-09-08T17:33:17","guid":{"rendered":"https:\/\/fundacjafree.org.pl\/nowa\/?page_id=2446"},"modified":"2025-10-09T17:21:24","modified_gmt":"2025-10-09T15:21:24","slug":"konkurs-nie-jestem-tylko-tym-co-mysle","status":"publish","type":"page","link":"https:\/\/fundacjafree.org.pl\/nowa\/konkurs-nie-jestem-tylko-tym-co-mysle\/","title":{"rendered":"Konkurs &#8220;Nie jestem tylko Tym, Co My\u015bl\u0119&#8221;"},"content":{"rendered":"\t\t<div data-elementor-type=\"wp-page\" data-elementor-id=\"2446\" class=\"elementor elementor-2446\" data-elementor-post-type=\"page\">\n\t\t\t\t<div class=\"elementor-element elementor-element-1fadca35 e-flex e-con-boxed e-con e-parent\" data-id=\"1fadca35\" data-element_type=\"container\" data-e-type=\"container\">\n\t\t\t\t\t<div class=\"e-con-inner\">\n\t\t\t\t<div class=\"elementor-element elementor-element-44692c3a exad-sticky-section-no exad-glass-effect-no elementor-widget elementor-widget-text-editor\" data-id=\"44692c3a\" data-element_type=\"widget\" data-e-type=\"widget\" data-widget_type=\"text-editor.default\">\n\t\t\t\t\t\t\t\t\t\n<p class=\"has-text-align-center\">Serdecznie zapraszamy uczni\u00f3w klas IV-VIII szk\u00f3\u0142 podstawowych do wzi\u0119cia udzia\u0142u w naszym konkursie plastycznym &#8220;Nie jestem tylko Tym, Co My\u015bl\u0119&#8221;. Szczeg\u00f3\u0142owe informacje znajduj\u0105 si\u0119 na plakacie poni\u017cej. Przydatne linki &#8211; regulamin, zgoda rodzic\u00f3w\/opiekun\u00f3w prawnych oraz link do zg\u0142osze\u0144 znajduj\u0105 si\u0119 pod plakatem.<\/p>\n<p>\u00a0<\/p>\n\t\t\t\t\t\t\t\t<\/div>\n\t\t\t\t<div class=\"elementor-element elementor-element-d2f9727 elementor-widget__width-inherit exad-sticky-section-no exad-glass-effect-no elementor-widget elementor-widget-image\" data-id=\"d2f9727\" data-element_type=\"widget\" data-e-type=\"widget\" data-widget_type=\"image.default\">\n\t\t\t\t\t\t\t\t\t\t\t\t\t\t\t<img fetchpriority=\"high\" decoding=\"async\" width=\"1086\" height=\"1536\" src=\"https:\/\/fundacjafree.org.pl\/nowa\/wp-content\/uploads\/2025\/10\/Nie-jestem-tym-co-mysle-1086x1536.png\" class=\"attachment-1536x1536 size-1536x1536 wp-image-4091 no-lazy\" alt=\"\" srcset=\"https:\/\/fundacjafree.org.pl\/nowa\/wp-content\/uploads\/2025\/10\/Nie-jestem-tym-co-mysle-1086x1536.png 1086w, https:\/\/fundacjafree.org.pl\/nowa\/wp-content\/uploads\/2025\/10\/Nie-jestem-tym-co-mysle-212x300.png 212w, https:\/\/fundacjafree.org.pl\/nowa\/wp-content\/uploads\/2025\/10\/Nie-jestem-tym-co-mysle-724x1024.png 724w, https:\/\/fundacjafree.org.pl\/nowa\/wp-content\/uploads\/2025\/10\/Nie-jestem-tym-co-mysle-768x1086.png 768w, https:\/\/fundacjafree.org.pl\/nowa\/wp-content\/uploads\/2025\/10\/Nie-jestem-tym-co-mysle-200x283.png 200w, https:\/\/fundacjafree.org.pl\/nowa\/wp-content\/uploads\/2025\/10\/Nie-jestem-tym-co-mysle-1320x1867.png 1320w, https:\/\/fundacjafree.org.pl\/nowa\/wp-content\/uploads\/2025\/10\/Nie-jestem-tym-co-mysle-17x24.png 17w, https:\/\/fundacjafree.org.pl\/nowa\/wp-content\/uploads\/2025\/10\/Nie-jestem-tym-co-mysle-25x36.png 25w, https:\/\/fundacjafree.org.pl\/nowa\/wp-content\/uploads\/2025\/10\/Nie-jestem-tym-co-mysle-34x48.png 34w, https:\/\/fundacjafree.org.pl\/nowa\/wp-content\/uploads\/2025\/10\/Nie-jestem-tym-co-mysle.png 1414w\" sizes=\"(max-width: 1086px) 100vw, 1086px\" \/>\t\t\t\t\t\t\t\t\t\t\t\t\t\t\t<\/div>\n\t\t\t\t\t<\/div>\n\t\t\t\t<\/div>\n\t\t<div class=\"elementor-element elementor-element-f1b4bed e-flex e-con-boxed e-con e-parent\" data-id=\"f1b4bed\" data-element_type=\"container\" data-e-type=\"container\">\n\t\t\t\t\t<div class=\"e-con-inner\">\n\t\t\t\t<div class=\"elementor-element elementor-element-838c77a exad-sticky-section-no exad-glass-effect-no elementor-widget elementor-widget-text-editor\" data-id=\"838c77a\" data-element_type=\"widget\" data-e-type=\"widget\" data-widget_type=\"text-editor.default\">\n\t\t\t\t\t\t\t\t\t<p class=\"has-text-align-center\"><a style=\"background-color: #ffffff;\" href=\"https:\/\/fundacjafree.org.pl\/nowa\/wp-content\/uploads\/2025\/09\/Regulamin-konkursu-Odpornosc-1.pdf\" target=\"_blank\" rel=\"noreferrer noopener\">REGULAMIN KONKURSU &#8211; PLIK PDF DO POBRANIA<\/a><\/p>\n<p><!-- \/wp:paragraph -->\n\n<!-- wp:paragraph {\"align\":\"center\"} --><\/p>\n<p class=\"has-text-align-center\"><a href=\"https:\/\/forms.gle\/4yynEYga9TXiCeRQA\" target=\"_blank\" rel=\"noreferrer noopener\">ZG\u0141OSZENIA &#8211; KLIKNIJ, BY PRZEJ\u015a\u0106 DO FORMULARZA ZG\u0141OSZENIOWEGO<\/a><\/p>\n<p><!-- \/wp:paragraph -->\n\n<!-- wp:paragraph {\"align\":\"center\"} --><\/p>\n<p class=\"has-text-align-center\"><a href=\"https:\/\/fundacjafree.org.pl\/nowa\/wp-content\/uploads\/2025\/09\/Zgoda-na-udzial-dziecka-w-konkursie-Odpornosc.pdf\" target=\"_blank\" rel=\"noreferrer noopener\" data-type=\"attachment\" data-id=\"2450\">ZGODA NA UDZIA\u0141 DZIECKA W KONKURSIE &#8211; PLIK PDF DO POBRANIA<\/a><\/p>\n<p><!-- \/wp:paragraph -->\n\n<!-- wp:paragraph {\"align\":\"center\"} --><\/p>\n<p class=\"has-text-align-center\">Projekt\u00a0wsp\u00f3\u0142finansowany ze \u015brodk\u00f3w Polsko-Ameryka\u0144skiej Fundacji Wolno\u015bci w ramach programu &#8220;Kurs na Odporno\u015b\u0107&#8221; realizowanego wsp\u00f3lnie przez Fundacj\u0119 Edukacja dla Demokracji i Fundacj\u0119 Szko\u0142a z Klas\u0105<\/p>\n<p>&nbsp;<\/p>\n<p><!-- \/wp:paragraph -->\n\n<!-- wp:group {\"layout\":{\"type\":\"constrained\"}} --><\/p>\n<div class=\"wp-block-group\">\n<p><!-- wp:columns --><\/p>\n<div class=\"wp-block-columns\">\n<p><!-- wp:column --><\/p>\n<div class=\"wp-block-column\">\n<p><!-- wp:image {\"id\":2467,\"width\":\"228px\",\"height\":\"auto\",\"sizeSlug\":\"large\",\"linkDestination\":\"none\",\"align\":\"center\"} --><\/p>\n<figure class=\"wp-block-image aligncenter size-large is-resized\"><img decoding=\"async\" class=\"alignnone wp-image-2467\" style=\"width: 228px; height: auto;\" src=\"https:\/\/fundacjafree.org.pl\/nowa\/wp-content\/uploads\/2025\/09\/fed_logo_PL_vertical-886x1024.jpg\" alt=\"\" width=\"1024\" height=\"1183\" srcset=\"https:\/\/fundacjafree.org.pl\/nowa\/wp-content\/uploads\/2025\/09\/fed_logo_PL_vertical-886x1024.jpg 886w, https:\/\/fundacjafree.org.pl\/nowa\/wp-content\/uploads\/2025\/09\/fed_logo_PL_vertical-260x300.jpg 260w, https:\/\/fundacjafree.org.pl\/nowa\/wp-content\/uploads\/2025\/09\/fed_logo_PL_vertical-768x887.jpg 768w, https:\/\/fundacjafree.org.pl\/nowa\/wp-content\/uploads\/2025\/09\/fed_logo_PL_vertical.jpg 1247w\" sizes=\"(max-width: 1024px) 100vw, 1024px\" \/><\/figure>\n<p><!-- \/wp:image --><\/p>\n<\/div>\n<p><!-- \/wp:column -->\n\n<!-- wp:column --><\/p>\n<div class=\"wp-block-column\">\n<p><!-- wp:image {\"id\":2466,\"width\":\"272px\",\"height\":\"auto\",\"sizeSlug\":\"large\",\"linkDestination\":\"none\"} --><\/p>\n<figure class=\"wp-block-image size-large is-resized\"><img decoding=\"async\" class=\"alignnone wp-image-2466\" style=\"width: 272px; height: auto;\" src=\"https:\/\/fundacjafree.org.pl\/nowa\/wp-content\/uploads\/2025\/09\/PL-ANG-1-JPG-300DPI-1024x820.jpg\" alt=\"\" width=\"1000\" height=\"801\" srcset=\"https:\/\/fundacjafree.org.pl\/nowa\/wp-content\/uploads\/2025\/09\/PL-ANG-1-JPG-300DPI-1024x820.jpg 1024w, https:\/\/fundacjafree.org.pl\/nowa\/wp-content\/uploads\/2025\/09\/PL-ANG-1-JPG-300DPI-300x240.jpg 300w, https:\/\/fundacjafree.org.pl\/nowa\/wp-content\/uploads\/2025\/09\/PL-ANG-1-JPG-300DPI-768x615.jpg 768w, https:\/\/fundacjafree.org.pl\/nowa\/wp-content\/uploads\/2025\/09\/PL-ANG-1-JPG-300DPI.jpg 1508w\" sizes=\"(max-width: 1000px) 100vw, 1000px\" \/><\/figure>\n<p><!-- \/wp:image --><\/p>\n<\/div>\n<p><!-- \/wp:column -->\n\n<!-- wp:column --><\/p>\n<div class=\"wp-block-column\">\n<p><!-- wp:image {\"id\":2464,\"sizeSlug\":\"large\",\"linkDestination\":\"none\"} --><\/p>\n<figure class=\"wp-block-image size-large\"><img loading=\"lazy\" decoding=\"async\" class=\"alignnone wp-image-2464\" src=\"https:\/\/fundacjafree.org.pl\/nowa\/wp-content\/uploads\/2025\/09\/KNO_logo_basic-1024x600.png\" alt=\"\" width=\"1024\" height=\"600\" srcset=\"https:\/\/fundacjafree.org.pl\/nowa\/wp-content\/uploads\/2025\/09\/KNO_logo_basic-1024x600.png 1024w, https:\/\/fundacjafree.org.pl\/nowa\/wp-content\/uploads\/2025\/09\/KNO_logo_basic-300x176.png 300w, https:\/\/fundacjafree.org.pl\/nowa\/wp-content\/uploads\/2025\/09\/KNO_logo_basic-768x450.png 768w, https:\/\/fundacjafree.org.pl\/nowa\/wp-content\/uploads\/2025\/09\/KNO_logo_basic.png 1158w\" sizes=\"(max-width: 1024px) 100vw, 1024px\" \/><\/figure>\n<p><!-- \/wp:image --><\/p>\n<\/div>\n<p><!-- \/wp:column --><\/p>\n<\/div>\n<p><!-- \/wp:columns --><\/p>\n<\/div>\n<p><!-- \/wp:group -->\n\n<!-- wp:image {\"id\":2469,\"width\":\"413px\",\"height\":\"auto\",\"sizeSlug\":\"large\",\"linkDestination\":\"none\",\"align\":\"center\"} --><\/p>\n<figure class=\"wp-block-image aligncenter size-large is-resized\"><img loading=\"lazy\" decoding=\"async\" class=\"alignnone wp-image-2469\" style=\"width: 413px; height: auto;\" src=\"https:\/\/fundacjafree.org.pl\/nowa\/wp-content\/uploads\/2025\/09\/Fundacja-Szkola-z-Klasa\u2013znak\u2013pl-1-1024x545.png\" alt=\"\" width=\"1024\" height=\"545\" srcset=\"https:\/\/fundacjafree.org.pl\/nowa\/wp-content\/uploads\/2025\/09\/Fundacja-Szkola-z-Klasa\u2013znak\u2013pl-1-1024x545.png 1024w, https:\/\/fundacjafree.org.pl\/nowa\/wp-content\/uploads\/2025\/09\/Fundacja-Szkola-z-Klasa\u2013znak\u2013pl-1-300x160.png 300w, https:\/\/fundacjafree.org.pl\/nowa\/wp-content\/uploads\/2025\/09\/Fundacja-Szkola-z-Klasa\u2013znak\u2013pl-1-768x409.png 768w, https:\/\/fundacjafree.org.pl\/nowa\/wp-content\/uploads\/2025\/09\/Fundacja-Szkola-z-Klasa\u2013znak\u2013pl-1-1536x818.png 1536w, https:\/\/fundacjafree.org.pl\/nowa\/wp-content\/uploads\/2025\/09\/Fundacja-Szkola-z-Klasa\u2013znak\u2013pl-1.png 2003w\" sizes=\"(max-width: 1024px) 100vw, 1024px\" \/><\/figure>\n<p><!-- \/wp:image --><\/p>\t\t\t\t\t\t\t\t<\/div>\n\t\t\t\t\t<\/div>\n\t\t\t\t<\/div>\n\t\t\t\t<\/div>\n\t\t","protected":false},"excerpt":{"rendered":"<p>Serdecznie zapraszamy uczni\u00f3w klas IV-VIII szk\u00f3\u0142 podstawowych do wzi\u0119cia udzia\u0142u w naszym konkursie plastycznym &#8220;Nie jestem tylko Tym, Co My\u015bl\u0119&#8221;. Szczeg\u00f3\u0142owe informacje znajduj\u0105 si\u0119 na plakacie poni\u017cej. Przydatne linki &#8211; regulamin, zgoda rodzic\u00f3w\/opiekun\u00f3w prawnych oraz link do zg\u0142osze\u0144 znajduj\u0105 si\u0119 pod plakatem. \u00a0 REGULAMIN KONKURSU &#8211; PLIK PDF DO POBRANIA ZG\u0141OSZENIA &#8211; KLIKNIJ, BY PRZEJ\u015a\u0106 [&hellip;]<\/p>\n","protected":false},"author":5,"featured_media":0,"parent":0,"menu_order":0,"comment_status":"closed","ping_status":"closed","template":"","meta":{"_acf_changed":false,"give_campaign_id":0,"_monsterinsights_skip_tracking":false,"_monsterinsights_sitenote_active":false,"_monsterinsights_sitenote_note":"","_monsterinsights_sitenote_category":0,"footnotes":""},"categories":[],"tags":[],"class_list":["post-2446","page","type-page","status-publish","czr-hentry"],"acf":[],"aioseo_notices":[],"campaignId":"","_links":{"self":[{"href":"https:\/\/fundacjafree.org.pl\/nowa\/wp-json\/wp\/v2\/pages\/2446","targetHints":{"allow":["GET"]}}],"collection":[{"href":"https:\/\/fundacjafree.org.pl\/nowa\/wp-json\/wp\/v2\/pages"}],"about":[{"href":"https:\/\/fundacjafree.org.pl\/nowa\/wp-json\/wp\/v2\/types\/page"}],"author":[{"embeddable":true,"href":"https:\/\/fundacjafree.org.pl\/nowa\/wp-json\/wp\/v2\/users\/5"}],"replies":[{"embeddable":true,"href":"https:\/\/fundacjafree.org.pl\/nowa\/wp-json\/wp\/v2\/comments?post=2446"}],"version-history":[{"count":36,"href":"https:\/\/fundacjafree.org.pl\/nowa\/wp-json\/wp\/v2\/pages\/2446\/revisions"}],"predecessor-version":[{"id":4267,"href":"https:\/\/fundacjafree.org.pl\/nowa\/wp-json\/wp\/v2\/pages\/2446\/revisions\/4267"}],"wp:attachment":[{"href":"https:\/\/fundacjafree.org.pl\/nowa\/wp-json\/wp\/v2\/media?parent=2446"}],"wp:term":[{"taxonomy":"category","embeddable":true,"href":"https:\/\/fundacjafree.org.pl\/nowa\/wp-json\/wp\/v2\/categories?post=2446"},{"taxonomy":"post_tag","embeddable":true,"href":"https:\/\/fundacjafree.org.pl\/nowa\/wp-json\/wp\/v2\/tags?post=2446"}],"curies":[{"name":"wp","href":"https:\/\/api.w.org\/{rel}","templated":true}]}}