{"id":2524,"date":"2025-09-27T14:43:00","date_gmt":"2025-09-27T12:43:00","guid":{"rendered":"https:\/\/fundacjafree.org.pl\/nowa\/?page_id=2524"},"modified":"2025-10-20T13:50:57","modified_gmt":"2025-10-20T11:50:57","slug":"warsztaty-dla-doroslych","status":"publish","type":"page","link":"https:\/\/fundacjafree.org.pl\/nowa\/warsztaty-dla-doroslych\/","title":{"rendered":"Warsztaty dla doros\u0142ych"},"content":{"rendered":"\t\t<div data-elementor-type=\"wp-page\" data-elementor-id=\"2524\" class=\"elementor elementor-2524\" data-elementor-post-type=\"page\">\n\t\t\t\t<div class=\"elementor-element elementor-element-644023e e-flex e-con-boxed e-con e-parent\" data-id=\"644023e\" data-element_type=\"container\" data-e-type=\"container\">\n\t\t\t\t\t<div class=\"e-con-inner\">\n\t\t\t\t<div class=\"elementor-element elementor-element-2827377 exad-sticky-section-no exad-glass-effect-no elementor-widget elementor-widget-image\" data-id=\"2827377\" data-element_type=\"widget\" data-e-type=\"widget\" data-widget_type=\"image.default\">\n\t\t\t\t\t\t\t\t\t\t\t\t\t\t\t<img fetchpriority=\"high\" decoding=\"async\" width=\"840\" height=\"560\" src=\"https:\/\/fundacjafree.org.pl\/nowa\/wp-content\/uploads\/2025\/09\/warsztaty.png\" class=\"attachment-large size-large wp-image-2774 no-lazy\" alt=\"obrazek przedstawia grup\u0119 doros\u0142ych os\u00f3b siedz\u0105cych w k\u00f3\u0142ku, symbolizuje to zaj\u0119cia dla doros\u0142ych\" srcset=\"https:\/\/fundacjafree.org.pl\/nowa\/wp-content\/uploads\/2025\/09\/warsztaty.png 840w, https:\/\/fundacjafree.org.pl\/nowa\/wp-content\/uploads\/2025\/09\/warsztaty-300x200.png 300w, https:\/\/fundacjafree.org.pl\/nowa\/wp-content\/uploads\/2025\/09\/warsztaty-768x512.png 768w, https:\/\/fundacjafree.org.pl\/nowa\/wp-content\/uploads\/2025\/09\/warsztaty-24x16.png 24w, https:\/\/fundacjafree.org.pl\/nowa\/wp-content\/uploads\/2025\/09\/warsztaty-36x24.png 36w, https:\/\/fundacjafree.org.pl\/nowa\/wp-content\/uploads\/2025\/09\/warsztaty-48x32.png 48w\" sizes=\"(max-width: 840px) 100vw, 840px\" \/>\t\t\t\t\t\t\t\t\t\t\t\t\t\t\t<\/div>\n\t\t\t\t\t<\/div>\n\t\t\t\t<\/div>\n\t\t<div class=\"elementor-element elementor-element-5767019 e-flex e-con-boxed e-con e-parent\" data-id=\"5767019\" data-element_type=\"container\" data-e-type=\"container\">\n\t\t\t\t\t<div class=\"e-con-inner\">\n\t\t<div class=\"elementor-element elementor-element-1215659 e-con-full e-flex e-con e-child\" data-id=\"1215659\" data-element_type=\"container\" data-e-type=\"container\">\n\t\t\t\t<div class=\"elementor-element elementor-element-f4bc656 exad-sticky-section-no exad-glass-effect-no elementor-widget elementor-widget-image\" data-id=\"f4bc656\" data-element_type=\"widget\" data-e-type=\"widget\" data-widget_type=\"image.default\">\n\t\t\t\t\t\t\t\t\t\t\t\t\t\t\t<img decoding=\"async\" width=\"28\" height=\"32\" src=\"https:\/\/fundacjafree.org.pl\/nowa\/wp-content\/uploads\/2025\/09\/Layer_1-14.png\" class=\"attachment-large size-large wp-image-2775 no-lazy\" alt=\"\" srcset=\"https:\/\/fundacjafree.org.pl\/nowa\/wp-content\/uploads\/2025\/09\/Layer_1-14.png 28w, https:\/\/fundacjafree.org.pl\/nowa\/wp-content\/uploads\/2025\/09\/Layer_1-14-21x24.png 21w\" sizes=\"(max-width: 28px) 100vw, 28px\" \/>\t\t\t\t\t\t\t\t\t\t\t\t\t\t\t<\/div>\n\t\t\t\t<div class=\"elementor-element elementor-element-e690940 exad-sticky-section-no exad-glass-effect-no elementor-widget elementor-widget-heading\" data-id=\"e690940\" data-element_type=\"widget\" data-e-type=\"widget\" data-widget_type=\"heading.default\">\n\t\t\t\t\t<h2 class=\"elementor-heading-title elementor-size-default\">Rozw\u00f3j osobisty i wsparcie psychologiczne<\/h2>\t\t\t\t<\/div>\n\t\t\t\t<\/div>\n\t\t<div class=\"elementor-element elementor-element-d3927d8 e-grid e-con-full e-con e-child\" data-id=\"d3927d8\" data-element_type=\"container\" data-e-type=\"container\">\n\t\t<a class=\"elementor-element elementor-element-8d1bd37 e-con-full main_container e-flex e-con e-child\" data-id=\"8d1bd37\" data-element_type=\"container\" data-e-type=\"container\" href=\"\/nowa\/konsultacje-dla-rodzicow\">\n\t\t\t\t<div class=\"elementor-element elementor-element-fe353b4 elementor-widget__width-initial exad-sticky-section-no exad-glass-effect-no elementor-widget elementor-widget-heading\" data-id=\"fe353b4\" data-element_type=\"widget\" data-e-type=\"widget\" data-widget_type=\"heading.default\">\n\t\t\t\t\t<h3 class=\"elementor-heading-title elementor-size-default\"><span data-metadata=\"&lt;!--(figmeta)eyJmaWxlS2V5IjoiSlBNczBscW1RbnNUYVlqZVd0MWJzYiIsInBhc3RlSUQiOjIxMDQxOTkxNjgsImRhdGFUeXBlIjoic2NlbmUifQo=(\/figmeta)--&gt;\"><\/span>Konsultacje\npsychologiczne dla\n\nrodzic\u00f3w<\/h3>\t\t\t\t<\/div>\n\t\t\t\t<div class=\"elementor-element elementor-element-77b00a0 exad-sticky-section-no exad-glass-effect-no elementor-widget elementor-widget-image\" data-id=\"77b00a0\" data-element_type=\"widget\" data-e-type=\"widget\" data-widget_type=\"image.default\">\n\t\t\t\t\t\t\t\t\t\t\t\t\t\t\t<img decoding=\"async\" src=\"https:\/\/fundacjafree.org.pl\/nowa\/wp-content\/uploads\/2025\/09\/Layer_1-15.png\" title=\"Layer_1 (15)\" alt=\"obrazek przedstawiaj\u0105cy ilustracj\u0119 z\u0142\u0105czonych r\u0105k symbolizuj\u0105cy konsultacje psychologiczne dla rodzic\u00f3w\" loading=\"lazy\" \/>\t\t\t\t\t\t\t\t\t\t\t\t\t\t\t<\/div>\n\t\t\t\t<\/a>\n\t\t<a class=\"elementor-element elementor-element-9f15c44 e-con-full main_container e-flex e-con e-child\" data-id=\"9f15c44\" data-element_type=\"container\" data-e-type=\"container\" href=\"\/nowa\/terning-biofeedback-dla-doroslych\">\n\t\t\t\t<div class=\"elementor-element elementor-element-063ac19 elementor-widget__width-initial exad-sticky-section-no exad-glass-effect-no elementor-widget elementor-widget-heading\" data-id=\"063ac19\" data-element_type=\"widget\" data-e-type=\"widget\" data-widget_type=\"heading.default\">\n\t\t\t\t\t<h3 class=\"elementor-heading-title elementor-size-default\"><span data-metadata=\"&lt;!--(figmeta)eyJmaWxlS2V5IjoiSlBNczBscW1RbnNUYVlqZVd0MWJzYiIsInBhc3RlSUQiOjIxMDQxOTkxNjgsImRhdGFUeXBlIjoic2NlbmUifQo=(\/figmeta)--&gt;\"><\/span>Trening Biofeedback<\/h3>\t\t\t\t<\/div>\n\t\t\t\t<div class=\"elementor-element elementor-element-b439da5 exad-sticky-section-no exad-glass-effect-no elementor-widget elementor-widget-image\" data-id=\"b439da5\" data-element_type=\"widget\" data-e-type=\"widget\" data-widget_type=\"image.default\">\n\t\t\t\t\t\t\t\t\t\t\t\t\t\t\t<img decoding=\"async\" src=\"https:\/\/fundacjafree.org.pl\/nowa\/wp-content\/uploads\/elementor\/thumbs\/biofeedback-1-rcdgr63oku5qga9x2bdcxme7jntmt8vl2qmtox2i6a.png\" title=\"biofeedback 1\" alt=\"obrazek przedstawiaj\u0105cy ilustracj\u0119 badania EEG symbolizuj\u0105cy trening biofeedback\" loading=\"lazy\" \/>\t\t\t\t\t\t\t\t\t\t\t\t\t\t\t<\/div>\n\t\t\t\t<\/a>\n\t\t\t\t<\/div>\n\t\t\t\t\t<\/div>\n\t\t\t\t<\/div>\n\t\t<div class=\"elementor-element elementor-element-13a6d24 e-flex e-con-boxed e-con e-parent\" data-id=\"13a6d24\" data-element_type=\"container\" data-e-type=\"container\">\n\t\t\t\t\t<div class=\"e-con-inner\">\n\t\t<div class=\"elementor-element elementor-element-d6df89b e-con-full e-flex e-con e-child\" data-id=\"d6df89b\" data-element_type=\"container\" data-e-type=\"container\">\n\t\t\t\t<div class=\"elementor-element elementor-element-a6765cc exad-sticky-section-no exad-glass-effect-no elementor-widget elementor-widget-image\" data-id=\"a6765cc\" data-element_type=\"widget\" data-e-type=\"widget\" data-widget_type=\"image.default\">\n\t\t\t\t\t\t\t\t\t\t\t\t\t\t\t<img decoding=\"async\" width=\"28\" height=\"32\" src=\"https:\/\/fundacjafree.org.pl\/nowa\/wp-content\/uploads\/2025\/09\/Layer_1-14.png\" class=\"attachment-large size-large wp-image-2775 no-lazy\" alt=\"\" srcset=\"https:\/\/fundacjafree.org.pl\/nowa\/wp-content\/uploads\/2025\/09\/Layer_1-14.png 28w, https:\/\/fundacjafree.org.pl\/nowa\/wp-content\/uploads\/2025\/09\/Layer_1-14-21x24.png 21w\" sizes=\"(max-width: 28px) 100vw, 28px\" \/>\t\t\t\t\t\t\t\t\t\t\t\t\t\t\t<\/div>\n\t\t\t\t<div class=\"elementor-element elementor-element-6723a82 exad-sticky-section-no exad-glass-effect-no elementor-widget elementor-widget-heading\" data-id=\"6723a82\" data-element_type=\"widget\" data-e-type=\"widget\" data-widget_type=\"heading.default\">\n\t\t\t\t\t<h2 class=\"elementor-heading-title elementor-size-default\">Zaj\u0119cia j\u0119zykowe<\/h2>\t\t\t\t<\/div>\n\t\t\t\t<\/div>\n\t\t<div class=\"elementor-element elementor-element-6169174 e-grid e-con-full e-con e-child\" data-id=\"6169174\" data-element_type=\"container\" data-e-type=\"container\">\n\t\t<a class=\"elementor-element elementor-element-0e264c1 e-con-full main_container e-flex e-con e-child\" data-id=\"0e264c1\" data-element_type=\"container\" data-e-type=\"container\" href=\"\/nowa\/indywidualne-zajeciaz-jez-angielskiego-dla-doroslych\">\n\t\t\t\t<div class=\"elementor-element elementor-element-eb8c6b0 elementor-widget__width-initial exad-sticky-section-no exad-glass-effect-no elementor-widget elementor-widget-heading\" data-id=\"eb8c6b0\" data-element_type=\"widget\" data-e-type=\"widget\" data-widget_type=\"heading.default\">\n\t\t\t\t\t<h3 class=\"elementor-heading-title elementor-size-default\"><span data-metadata=\"&lt;!--(figmeta)eyJmaWxlS2V5IjoiSlBNczBscW1RbnNUYVlqZVd0MWJzYiIsInBhc3RlSUQiOjIxMDQxOTkxNjgsImRhdGFUeXBlIjoic2NlbmUifQo=(\/figmeta)--&gt;\"><\/span>Indywidualne zaj\u0119cia\nz j\u0119z. angielskiego<\/h3>\t\t\t\t<\/div>\n\t\t\t\t<div class=\"elementor-element elementor-element-a36c528 exad-sticky-section-no exad-glass-effect-no elementor-widget elementor-widget-image\" data-id=\"a36c528\" data-element_type=\"widget\" data-e-type=\"widget\" data-widget_type=\"image.default\">\n\t\t\t\t\t\t\t\t\t\t\t\t\t\t\t<img decoding=\"async\" src=\"https:\/\/fundacjafree.org.pl\/nowa\/wp-content\/uploads\/2025\/09\/Layer_1-16.png\" title=\"Layer_1 (16)\" alt=\"obrazek przedstawiaj\u0105cy ilustracj\u0119 s\u0142uchawki z chmurk\u0105 rozm\u00f3w symbolizuj\u0105cy indywidualne zaj\u0119cia dla doros\u0142ych\" loading=\"lazy\" \/>\t\t\t\t\t\t\t\t\t\t\t\t\t\t\t<\/div>\n\t\t\t\t<\/a>\n\t\t<a class=\"elementor-element elementor-element-56a9e03 e-con-full main_container e-flex e-con e-child\" data-id=\"56a9e03\" data-element_type=\"container\" data-e-type=\"container\" href=\"\/nowa\/grupowe-zajecia-z-jez-angielskiego-dla-doroslych\">\n\t\t\t\t<div class=\"elementor-element elementor-element-52badf4 elementor-widget__width-initial exad-sticky-section-no exad-glass-effect-no elementor-widget elementor-widget-heading\" data-id=\"52badf4\" data-element_type=\"widget\" data-e-type=\"widget\" data-widget_type=\"heading.default\">\n\t\t\t\t\t<h3 class=\"elementor-heading-title elementor-size-default\"><span data-metadata=\"&lt;!--(figmeta)eyJmaWxlS2V5IjoiSlBNczBscW1RbnNUYVlqZVd0MWJzYiIsInBhc3RlSUQiOjIxMDQxOTkxNjgsImRhdGFUeXBlIjoic2NlbmUifQo=(\/figmeta)--&gt;\"><\/span>Grupowe zaj\u0119cia\nz j\u0119z. angielskiego<\/h3>\t\t\t\t<\/div>\n\t\t\t\t<div class=\"elementor-element elementor-element-d89957b exad-sticky-section-no exad-glass-effect-no elementor-widget elementor-widget-image\" data-id=\"d89957b\" data-element_type=\"widget\" data-e-type=\"widget\" data-widget_type=\"image.default\">\n\t\t\t\t\t\t\t\t\t\t\t\t\t\t\t<img decoding=\"async\" src=\"https:\/\/fundacjafree.org.pl\/nowa\/wp-content\/uploads\/2025\/09\/Outline_Expand.png\" title=\"Outline_Expand\" alt=\"obrazek przedstawiaj\u0105cy ilustracj\u0119 dw\u00f3ch chmurek rozm\u00f3w symbolizuj\u0105cy grupowe lekcje j\u0119zyka angielskiego dla doros\u0142ych\" loading=\"lazy\" \/>\t\t\t\t\t\t\t\t\t\t\t\t\t\t\t<\/div>\n\t\t\t\t<\/a>\n\t\t\t\t<\/div>\n\t\t\t\t\t<\/div>\n\t\t\t\t<\/div>\n\t\t\t\t<\/div>\n\t\t","protected":false},"excerpt":{"rendered":"<p>Rozw\u00f3j osobisty i wsparcie psychologiczne Konsultacje psychologiczne dla rodzic\u00f3w Trening Biofeedback Zaj\u0119cia j\u0119zykowe Indywidualne zaj\u0119cia z j\u0119z. angielskiego Grupowe zaj\u0119cia z j\u0119z. angielskiego<\/p>\n","protected":false},"author":7,"featured_media":0,"parent":0,"menu_order":0,"comment_status":"closed","ping_status":"closed","template":"","meta":{"_acf_changed":false,"give_campaign_id":0,"_monsterinsights_skip_tracking":false,"_monsterinsights_sitenote_active":false,"_monsterinsights_sitenote_note":"","_monsterinsights_sitenote_category":0,"footnotes":""},"categories":[],"tags":[],"class_list":["post-2524","page","type-page","status-publish","czr-hentry"],"acf":[],"aioseo_notices":[],"campaignId":"","_links":{"self":[{"href":"https:\/\/fundacjafree.org.pl\/nowa\/wp-json\/wp\/v2\/pages\/2524","targetHints":{"allow":["GET"]}}],"collection":[{"href":"https:\/\/fundacjafree.org.pl\/nowa\/wp-json\/wp\/v2\/pages"}],"about":[{"href":"https:\/\/fundacjafree.org.pl\/nowa\/wp-json\/wp\/v2\/types\/page"}],"author":[{"embeddable":true,"href":"https:\/\/fundacjafree.org.pl\/nowa\/wp-json\/wp\/v2\/users\/7"}],"replies":[{"embeddable":true,"href":"https:\/\/fundacjafree.org.pl\/nowa\/wp-json\/wp\/v2\/comments?post=2524"}],"version-history":[{"count":38,"href":"https:\/\/fundacjafree.org.pl\/nowa\/wp-json\/wp\/v2\/pages\/2524\/revisions"}],"predecessor-version":[{"id":4952,"href":"https:\/\/fundacjafree.org.pl\/nowa\/wp-json\/wp\/v2\/pages\/2524\/revisions\/4952"}],"wp:attachment":[{"href":"https:\/\/fundacjafree.org.pl\/nowa\/wp-json\/wp\/v2\/media?parent=2524"}],"wp:term":[{"taxonomy":"category","embeddable":true,"href":"https:\/\/fundacjafree.org.pl\/nowa\/wp-json\/wp\/v2\/categories?post=2524"},{"taxonomy":"post_tag","embeddable":true,"href":"https:\/\/fundacjafree.org.pl\/nowa\/wp-json\/wp\/v2\/tags?post=2524"}],"curies":[{"name":"wp","href":"https:\/\/api.w.org\/{rel}","templated":true}]}}