{"id":565,"date":"2019-07-11T16:07:19","date_gmt":"2019-07-11T14:07:19","guid":{"rendered":"http:\/\/fundacjafree.org.pl\/nowa\/?page_id=565"},"modified":"2025-10-20T18:52:25","modified_gmt":"2025-10-20T16:52:25","slug":"kontakt","status":"publish","type":"page","link":"https:\/\/fundacjafree.org.pl\/nowa\/kontakt\/","title":{"rendered":"Kontakt"},"content":{"rendered":"\t\t<div data-elementor-type=\"wp-page\" data-elementor-id=\"565\" class=\"elementor elementor-565\" data-elementor-post-type=\"page\">\n\t\t\t\t<div class=\"elementor-element elementor-element-5bee385 e-grid e-con-boxed e-con e-parent\" data-id=\"5bee385\" data-element_type=\"container\">\n\t\t\t\t\t<div class=\"e-con-inner\">\n\t\t<div class=\"elementor-element elementor-element-075c7ba e-con-full e-flex e-con e-child\" data-id=\"075c7ba\" data-element_type=\"container\">\n\t\t\t\t<div class=\"elementor-element elementor-element-e49fd28 exad-sticky-section-no exad-glass-effect-no elementor-widget elementor-widget-heading\" data-id=\"e49fd28\" data-element_type=\"widget\" data-widget_type=\"heading.default\">\n\t\t\t\t\t<h2 class=\"elementor-heading-title elementor-size-default\">Dane Fundacji<\/h2>\t\t\t\t<\/div>\n\t\t\t\t<div class=\"elementor-element elementor-element-d12487a exad-sticky-section-no exad-glass-effect-no elementor-widget elementor-widget-text-editor\" data-id=\"d12487a\" data-element_type=\"widget\" data-widget_type=\"text-editor.default\">\n\t\t\t\t\t\t\t\t\t<p>Fundacja Rozwoju Edukacji Empatycznej FREE<br \/>KRS 0000771876<br \/>NIP 7543209647<br \/>REGON 382567630<br \/>Numer konta: 10 1750 0012 0000 0000 4102 4909<br \/>Bank BG\u017b PNB Paribas<\/p>\t\t\t\t\t\t\t\t<\/div>\n\t\t\t\t<div class=\"elementor-element elementor-element-edee162 exad-sticky-section-no exad-glass-effect-no elementor-widget elementor-widget-heading\" data-id=\"edee162\" data-element_type=\"widget\" data-widget_type=\"heading.default\">\n\t\t\t\t\t<h2 class=\"elementor-heading-title elementor-size-default\">Kontakt<\/h2>\t\t\t\t<\/div>\n\t\t\t\t<div class=\"elementor-element elementor-element-8966a31 exad-sticky-section-no exad-glass-effect-no elementor-widget elementor-widget-text-editor\" data-id=\"8966a31\" data-element_type=\"widget\" data-widget_type=\"text-editor.default\">\n\t\t\t\t\t\t\t\t\t<p>Telefon: <a href=\"tel:501534526\">501534526<\/a>\u2028<br \/>e-mail: <a href=\"mailto:sekretariat@fundacjafree.org.pl\">sekretariat@fundacjafree.org.pl<\/a><\/p><p><span style=\"color: #000000;\">Kontakt w sprawie rekrutacji: <\/span><a href=\"mailto:rekrutacja@fundacjafree.org.pl\">rekrutacja@fundacjafree.org.pl<\/a><\/p><p><span style=\"color: #ff0000;\"><span style=\"color: #000000;\">Kontakt w sprawie projekt\u00f3w: <\/span><\/span><a href=\"mailto:projekt@fundacjafree.org.pl\">projekt@fundacjafree.org.pl<\/a><\/p>\t\t\t\t\t\t\t\t<\/div>\n\t\t\t\t<div class=\"elementor-element elementor-element-be72acd exad-sticky-section-no exad-glass-effect-no elementor-widget elementor-widget-heading\" data-id=\"be72acd\" data-element_type=\"widget\" data-widget_type=\"heading.default\">\n\t\t\t\t\t<h2 class=\"elementor-heading-title elementor-size-default\">Adres<\/h2>\t\t\t\t<\/div>\n\t\t\t\t<div class=\"elementor-element elementor-element-5b1e9bb exad-sticky-section-no exad-glass-effect-no elementor-widget elementor-widget-text-editor\" data-id=\"5b1e9bb\" data-element_type=\"widget\" data-widget_type=\"text-editor.default\">\n\t\t\t\t\t\t\t\t\t<p>ul. Krapkowicka 10, 45-715 Opole\u2028<\/p>\t\t\t\t\t\t\t\t<\/div>\n\t\t\t\t<div class=\"elementor-element elementor-element-ff1c44e exad-sticky-section-no exad-glass-effect-no elementor-widget elementor-widget-heading\" data-id=\"ff1c44e\" data-element_type=\"widget\" data-widget_type=\"heading.default\">\n\t\t\t\t\t<h2 class=\"elementor-heading-title elementor-size-default\">Godziny otwarcia<\/h2>\t\t\t\t<\/div>\n\t\t\t\t<div class=\"elementor-element elementor-element-8b70d11 exad-sticky-section-no exad-glass-effect-no elementor-widget elementor-widget-text-editor\" data-id=\"8b70d11\" data-element_type=\"widget\" data-widget_type=\"text-editor.default\">\n\t\t\t\t\t\t\t\t\t<p>Fundacja jest czynna od poniedzia\u0142ku do pi\u0105tku w godzinach od 8:00 do 15:00<\/p>\t\t\t\t\t\t\t\t<\/div>\n\t\t\t\t<\/div>\n\t\t\t\t<div class=\"elementor-element elementor-element-bb31e22 exad-sticky-section-no exad-glass-effect-no elementor-widget elementor-widget-shortcode\" data-id=\"bb31e22\" data-element_type=\"widget\" data-widget_type=\"shortcode.default\">\n\t\t\t\t\t\t\t<div class=\"elementor-shortcode\">\n<div class=\"wpcf7 no-js\" id=\"wpcf7-f3057-o1\" lang=\"pl-PL\" dir=\"ltr\" data-wpcf7-id=\"3057\">\n<div class=\"screen-reader-response\"><p role=\"status\" aria-live=\"polite\" aria-atomic=\"true\"><\/p> <ul><\/ul><\/div>\n<form action=\"\/nowa\/wp-json\/wp\/v2\/pages\/565#wpcf7-f3057-o1\" method=\"post\" class=\"wpcf7-form init\" aria-label=\"Formularz kontaktowy\" novalidate=\"novalidate\" data-status=\"init\">\n<fieldset class=\"hidden-fields-container\"><input type=\"hidden\" name=\"_wpcf7\" value=\"3057\" \/><input type=\"hidden\" name=\"_wpcf7_version\" value=\"6.1.1\" \/><input type=\"hidden\" name=\"_wpcf7_locale\" value=\"pl_PL\" \/><input type=\"hidden\" name=\"_wpcf7_unit_tag\" value=\"wpcf7-f3057-o1\" \/><input type=\"hidden\" name=\"_wpcf7_container_post\" value=\"0\" \/><input type=\"hidden\" name=\"_wpcf7_posted_data_hash\" value=\"\" \/>\n<\/fieldset>\n<div class=\"container\">\n\t<div class=\"row\">\n\t\t<div class=\"col-12 col-md-6 form-container\">\n\t\t\t<p><label class=\"form-text\">Imi\u0119*<\/label><br \/>\n<span class=\"wpcf7-form-control-wrap\" data-name=\"Imie\"><input size=\"40\" maxlength=\"400\" class=\"wpcf7-form-control wpcf7-text wpcf7-validates-as-required\" aria-required=\"true\" aria-invalid=\"false\" value=\"\" type=\"text\" name=\"Imie\" \/><\/span>\n\t\t\t<\/p>\n\t\t<\/div>\n\t\t<div class=\"col-12 col-md-6 form-container\">\n\t\t\t<p><label class=\"form-text\">Nazwisko*<\/label><br \/>\n<span class=\"wpcf7-form-control-wrap\" data-name=\"Nazwisko\"><input size=\"40\" maxlength=\"400\" class=\"wpcf7-form-control wpcf7-text\" autocomplete=\"name\" aria-invalid=\"false\" value=\"\" type=\"text\" name=\"Nazwisko\" \/><\/span>\n\t\t\t<\/p>\n\t\t<\/div>\n\t\t<div class=\" form-container\">\n\t\t\t<p><label class=\"form-text\">E-mail*<\/label><br \/>\n<span class=\"wpcf7-form-control-wrap\" data-name=\"email\"><input size=\"40\" maxlength=\"400\" class=\"wpcf7-form-control wpcf7-email wpcf7-validates-as-required wpcf7-text wpcf7-validates-as-email\" aria-required=\"true\" aria-invalid=\"false\" value=\"\" type=\"email\" name=\"email\" \/><\/span>\n\t\t\t<\/p>\n\t\t\t<div class=\" form-container\">\n\t\t\t\t<p><label class=\"form-text\">Telefon<\/label><br \/>\n<span class=\"wpcf7-form-control-wrap\" data-name=\"tel\"><input size=\"40\" maxlength=\"400\" class=\"wpcf7-form-control wpcf7-tel wpcf7-text wpcf7-validates-as-tel\" aria-invalid=\"false\" value=\"\" type=\"tel\" name=\"tel\" \/><\/span>\n\t\t\t\t<\/p>\n\t\t\t<\/div>\n\t\t\t<div class=\" form-container\">\n\t\t\t\t<p><label class=\"form-text\">Tre\u015b\u0107 wiadomo\u015bci<\/label><br \/>\n<span class=\"wpcf7-form-control-wrap\" data-name=\"textarea\"><textarea cols=\"40\" rows=\"10\" maxlength=\"2000\" class=\"wpcf7-form-control wpcf7-textarea\" aria-invalid=\"false\" name=\"textarea\"><\/textarea><\/span>\n\t\t\t\t<\/p>\n\t\t\t<\/div>\n\t\t\t<div class=\"d-flex justify-content-center\">\n\t\t\t\t<p><input class=\"wpcf7-form-control wpcf7-submit has-spinner contact-submit\" type=\"submit\" value=\"wy\u015blij wiadomo\u015b\u0107\" \/>\n\t\t\t\t<\/p>\n\t\t\t<\/div>\n\t\t<\/div>\n\t<\/div>\n<\/div><div class=\"wpcf7-response-output\" aria-hidden=\"true\"><\/div>\n<\/form>\n<\/div>\n<\/div>\n\t\t\t\t\t\t<\/div>\n\t\t\t\t\t<\/div>\n\t\t\t\t<\/div>\n\t\t<div class=\"elementor-element elementor-element-67500917 e-flex e-con-boxed e-con e-parent\" data-id=\"67500917\" data-element_type=\"container\">\n\t\t\t\t\t<div class=\"e-con-inner\">\n\t\t\t\t<div class=\"elementor-element elementor-element-4c54cf2 exad-sticky-section-no exad-glass-effect-no elementor-widget elementor-widget-heading\" data-id=\"4c54cf2\" data-element_type=\"widget\" data-widget_type=\"heading.default\">\n\t\t\t\t\t<h2 class=\"elementor-heading-title elementor-size-default\">Mapka Pogl\u0105dowa:<\/h2>\t\t\t\t<\/div>\n\t\t\t\t<div class=\"elementor-element elementor-element-0bd5513 exad-sticky-section-no exad-glass-effect-no elementor-widget elementor-widget-image\" data-id=\"0bd5513\" data-element_type=\"widget\" data-widget_type=\"image.default\">\n\t\t\t\t\t\t\t\t\t\t\t\t\t\t\t<img fetchpriority=\"high\" decoding=\"async\" width=\"940\" height=\"788\" src=\"https:\/\/fundacjafree.org.pl\/nowa\/wp-content\/uploads\/2024\/07\/MAPKA-FREE.png\" class=\"attachment-large size-large wp-image-1877 no-lazy\" alt=\"\" srcset=\"https:\/\/fundacjafree.org.pl\/nowa\/wp-content\/uploads\/2024\/07\/MAPKA-FREE.png 940w, https:\/\/fundacjafree.org.pl\/nowa\/wp-content\/uploads\/2024\/07\/MAPKA-FREE-300x251.png 300w, https:\/\/fundacjafree.org.pl\/nowa\/wp-content\/uploads\/2024\/07\/MAPKA-FREE-768x644.png 768w\" sizes=\"(max-width: 940px) 100vw, 940px\" \/>\t\t\t\t\t\t\t\t\t\t\t\t\t\t\t<\/div>\n\t\t\t\t\t<\/div>\n\t\t\t\t<\/div>\n\t\t<div class=\"elementor-element elementor-element-2e81ae6 e-flex e-con-boxed e-con e-parent\" data-id=\"2e81ae6\" data-element_type=\"container\">\n\t\t\t\t\t<div class=\"e-con-inner\">\n\t\t\t\t<div class=\"elementor-element elementor-element-e70ea9c exad-sticky-section-no exad-glass-effect-no elementor-widget elementor-widget-heading\" data-id=\"e70ea9c\" data-element_type=\"widget\" data-widget_type=\"heading.default\">\n\t\t\t\t\t<h2 class=\"elementor-heading-title elementor-size-default\">Informacja dla nies\u0142ysz\u0105cych lub s\u0142abos\u0142ysz\u0105cych<\/h2>\t\t\t\t<\/div>\n\t\t<div class=\"elementor-element elementor-element-ef74441 e-con-full e-flex e-con e-child\" data-id=\"ef74441\" data-element_type=\"container\">\n\t\t\t\t<div class=\"elementor-element elementor-element-dd4ca0a exad-sticky-section-no exad-glass-effect-no elementor-widget elementor-widget-text-editor\" data-id=\"dd4ca0a\" data-element_type=\"widget\" data-widget_type=\"text-editor.default\">\n\t\t\t\t\t\t\t\t\t<p>Osoby nies\u0142ysz\u0105ce lub s\u0142abos\u0142ysz\u0105ce mog\u0105 skontaktowa\u0107 si\u0119 z Fundacj\u0105 Rozwoju Edukacji Empatycznej:<\/p><ul><li>sporz\u0105dzaj\u0105c pismo i wysy\u0142aj\u0105c je na adres: Fundacja Rozwoju Edukacji Empatycznej FREE, 45-<br \/>715 Opole, ul. Krapkowicka 10,<\/li><li>sporz\u0105dzaj\u0105c i dostarczaj\u0105c pismo do siedziby Fundacji Rozwoju Edukacji Empatycznej FREE w<br \/>Opolu,<\/li><li>sporz\u0105dzaj\u0105c i wysy\u0142aj\u0105c wiadomo\u015b\u0107 na adres e-mail: kontakt@fundacjafree.org.pl<\/li><li>telefonicznie, przy pomocy osoby trzeciej, korzystaj\u0105c z numeru telefonu: 664999147<\/li><\/ul>\t\t\t\t\t\t\t\t<\/div>\n\t\t\t\t<\/div>\n\t\t\t\t<div class=\"elementor-element elementor-element-67ff52d exad-sticky-section-no exad-glass-effect-no elementor-widget elementor-widget-heading\" data-id=\"67ff52d\" data-element_type=\"widget\" data-widget_type=\"heading.default\">\n\t\t\t\t\t<h2 class=\"elementor-heading-title elementor-size-default\">Informacja dla niewidz\u0105cych i maj\u0105cych problem z widzeniem<\/h2>\t\t\t\t<\/div>\n\t\t<div class=\"elementor-element elementor-element-39a983e e-con-full e-flex e-con e-child\" data-id=\"39a983e\" data-element_type=\"container\">\n\t\t\t\t<div class=\"elementor-element elementor-element-56ca295 exad-sticky-section-no exad-glass-effect-no elementor-widget elementor-widget-text-editor\" data-id=\"56ca295\" data-element_type=\"widget\" data-widget_type=\"text-editor.default\">\n\t\t\t\t\t\t\t\t\t<p>Osoby niewidome i maj\u0105ce problem z widzeniem otrzymaj\u0105 pomoc w Fundacji. Nale\u017cy wcze\u015bniej<br \/>poinformowa\u0107 telefonicznie pracownika Fundacji o problemie z widzeniem, numery telefon\u00f3w:<br \/>664999147. Istnieje tak\u017ce mo\u017cliwo\u015b\u0107 wizyty w Fundacji z psem przewodnikiem, kt\u00f3ry pomaga osobie przy<br \/>poruszaniu si\u0119.<\/p>\t\t\t\t\t\t\t\t<\/div>\n\t\t\t\t<\/div>\n\t\t\t\t<div class=\"elementor-element elementor-element-af484f5 exad-sticky-section-no exad-glass-effect-no elementor-widget elementor-widget-heading\" data-id=\"af484f5\" data-element_type=\"widget\" data-widget_type=\"heading.default\">\n\t\t\t\t\t<h2 class=\"elementor-heading-title elementor-size-default\">Informacja dla os\u00f3b z niepe\u0142nosprawno\u015bci\u0105 ruchow\u0105 i os\u00f3b starszych<\/h2>\t\t\t\t<\/div>\n\t\t\t\t<div class=\"elementor-element elementor-element-42218b6 exad-sticky-section-no exad-glass-effect-no elementor-widget elementor-widget-text-editor\" data-id=\"42218b6\" data-element_type=\"widget\" data-widget_type=\"text-editor.default\">\n\t\t\t\t\t\t\t\t\t<p>Budynek Fundacji jest dostosowany dla os\u00f3b z niepe\u0142nosprawno\u015bci\u0105 ruchow\u0105 i os\u00f3b starszych.<\/p>\t\t\t\t\t\t\t\t<\/div>\n\t\t\t\t\t<\/div>\n\t\t\t\t<\/div>\n\t\t\t\t<\/div>\n\t\t","protected":false},"excerpt":{"rendered":"<p>Dane Fundacji Fundacja Rozwoju Edukacji Empatycznej FREEKRS 0000771876NIP 7543209647REGON 382567630Numer konta: 10 1750 0012 0000 0000 4102 4909Bank BG\u017b PNB Paribas Kontakt Telefon: 501534526\u2028e-mail: sekretariat@fundacjafree.org.pl Kontakt w sprawie rekrutacji: rekrutacja@fundacjafree.org.pl Kontakt w sprawie projekt\u00f3w: projekt@fundacjafree.org.pl Adres ul. Krapkowicka 10, 45-715 Opole\u2028 Godziny otwarcia Fundacja jest czynna od poniedzia\u0142ku do pi\u0105tku w godzinach od 8:00 do [&hellip;]<\/p>\n","protected":false},"author":1,"featured_media":0,"parent":0,"menu_order":0,"comment_status":"closed","ping_status":"closed","template":"","meta":{"_acf_changed":false,"give_campaign_id":0,"_monsterinsights_skip_tracking":false,"_monsterinsights_sitenote_active":false,"_monsterinsights_sitenote_note":"","_monsterinsights_sitenote_category":0,"footnotes":""},"categories":[],"tags":[],"class_list":["post-565","page","type-page","status-publish","czr-hentry"],"acf":[],"aioseo_notices":[],"campaignId":"","_links":{"self":[{"href":"https:\/\/fundacjafree.org.pl\/nowa\/wp-json\/wp\/v2\/pages\/565","targetHints":{"allow":["GET"]}}],"collection":[{"href":"https:\/\/fundacjafree.org.pl\/nowa\/wp-json\/wp\/v2\/pages"}],"about":[{"href":"https:\/\/fundacjafree.org.pl\/nowa\/wp-json\/wp\/v2\/types\/page"}],"author":[{"embeddable":true,"href":"https:\/\/fundacjafree.org.pl\/nowa\/wp-json\/wp\/v2\/users\/1"}],"replies":[{"embeddable":true,"href":"https:\/\/fundacjafree.org.pl\/nowa\/wp-json\/wp\/v2\/comments?post=565"}],"version-history":[{"count":85,"href":"https:\/\/fundacjafree.org.pl\/nowa\/wp-json\/wp\/v2\/pages\/565\/revisions"}],"predecessor-version":[{"id":5011,"href":"https:\/\/fundacjafree.org.pl\/nowa\/wp-json\/wp\/v2\/pages\/565\/revisions\/5011"}],"wp:attachment":[{"href":"https:\/\/fundacjafree.org.pl\/nowa\/wp-json\/wp\/v2\/media?parent=565"}],"wp:term":[{"taxonomy":"category","embeddable":true,"href":"https:\/\/fundacjafree.org.pl\/nowa\/wp-json\/wp\/v2\/categories?post=565"},{"taxonomy":"post_tag","embeddable":true,"href":"https:\/\/fundacjafree.org.pl\/nowa\/wp-json\/wp\/v2\/tags?post=565"}],"curies":[{"name":"wp","href":"https:\/\/api.w.org\/{rel}","templated":true}]}}